{"id":21,"date":"2024-08-08T18:11:02","date_gmt":"2024-08-08T18:11:02","guid":{"rendered":"https:\/\/ypuwfwpoqr.cfolks.pl\/?page_id=21"},"modified":"2024-09-17T06:59:01","modified_gmt":"2024-09-17T06:59:01","slug":"kontakt","status":"publish","type":"page","link":"https:\/\/www.kancelaria-finansowa.eu\/?page_id=21","title":{"rendered":"Kontakt"},"content":{"rendered":"\t\t<div data-elementor-type=\"wp-page\" data-elementor-id=\"21\" class=\"elementor elementor-21\">\n\t\t\t\t<div class=\"elementor-element elementor-element-af963a7 e-con-full e-flex e-con e-parent\" data-id=\"af963a7\" data-element_type=\"container\" data-settings=\"{&quot;background_background&quot;:&quot;classic&quot;}\">\n\t\t\t\t<\/div>\n\t\t<div class=\"elementor-element elementor-element-54e451d e-con-full e-flex e-con e-parent\" data-id=\"54e451d\" data-element_type=\"container\" data-settings=\"{&quot;background_background&quot;:&quot;classic&quot;}\">\n\t\t\t\t<\/div>\n\t\t<div class=\"elementor-element elementor-element-88e9280 e-flex e-con-boxed e-con e-parent\" data-id=\"88e9280\" data-element_type=\"container\" data-settings=\"{&quot;background_background&quot;:&quot;classic&quot;}\">\n\t\t\t\t\t<div class=\"e-con-inner\">\n\t\t<div class=\"elementor-element elementor-element-dda1cc7 e-con-full e-flex e-con e-child\" data-id=\"dda1cc7\" data-element_type=\"container\" data-settings=\"{&quot;background_background&quot;:&quot;classic&quot;}\">\n\t\t<div class=\"elementor-element elementor-element-4146cc2 e-con-full e-flex e-con e-child\" data-id=\"4146cc2\" data-element_type=\"container\">\n\t\t\t\t<div class=\"elementor-element elementor-element-f92c98c elementor-widget__width-initial elementor-widget-mobile__width-inherit elementor-widget elementor-widget-text-editor\" data-id=\"f92c98c\" data-element_type=\"widget\" data-widget_type=\"text-editor.default\">\n\t\t\t\t<div class=\"elementor-widget-container\">\n\t\t\t\t\t\t\t\t\t<p>Napisz do nas,<br \/>skontaktujemy si\u0119<br \/><span style=\"color: #d84186;\">z Tob\u0105<\/span><\/p>\t\t\t\t\t\t\t\t<\/div>\n\t\t\t\t<\/div>\n\t\t\t\t<div class=\"elementor-element elementor-element-408a35f elementor-align-left elementor-icon-list--layout-traditional elementor-list-item-link-full_width elementor-widget elementor-widget-icon-list\" data-id=\"408a35f\" data-element_type=\"widget\" data-widget_type=\"icon-list.default\">\n\t\t\t\t<div class=\"elementor-widget-container\">\n\t\t\t\t\t\t\t<ul class=\"elementor-icon-list-items\">\n\t\t\t\t\t\t\t<li class=\"elementor-icon-list-item\">\n\t\t\t\t\t\t\t\t\t\t\t<span class=\"elementor-icon-list-icon\">\n\t\t\t\t\t\t\t<svg xmlns=\"http:\/\/www.w3.org\/2000\/svg\" width=\"24\" height=\"24\" viewBox=\"0 0 24 24\" fill=\"none\"><g id=\"EnvelopeFill\"><path id=\"Vector\" d=\"M0.075 5.3325C0.226227 4.66986 0.597983 4.07822 1.12938 3.65446C1.66078 3.23071 2.32033 2.99995 3 3H21C21.6797 2.99995 22.3392 3.23071 22.8706 3.65446C23.402 4.07822 23.7738 4.66986 23.925 5.3325L12 12.621L0.075 5.3325ZM0 7.0455V17.7015L8.7045 12.3645L0 7.0455ZM10.1415 13.245L0.2865 19.2855C0.52999 19.7989 0.91429 20.2326 1.39467 20.5362C1.87505 20.8397 2.43176 21.0005 3 21H21C21.5681 21.0001 22.1246 20.8389 22.6048 20.5351C23.0849 20.2313 23.4688 19.7975 23.712 19.284L13.857 13.2435L12 14.379L10.1415 13.2435V13.245ZM15.2955 12.366L24 17.7015V7.0455L15.2955 12.3645V12.366Z\" fill=\"url(#paint0_linear_61_340)\"><\/path><\/g><defs><linearGradient id=\"paint0_linear_61_340\" x1=\"10.5\" y1=\"17.25\" x2=\"23.6712\" y2=\"16.6342\" gradientUnits=\"userSpaceOnUse\"><stop stop-color=\"#BC3C80\"><\/stop><stop offset=\"1\" stop-color=\"#FF52A1\"><\/stop><\/linearGradient><\/defs><\/svg>\t\t\t\t\t\t<\/span>\n\t\t\t\t\t\t\t\t\t\t<span class=\"elementor-icon-list-text\">biuro@kancelaria-finansowa.eu<\/span>\n\t\t\t\t\t\t\t\t\t<\/li>\n\t\t\t\t\t\t\t\t<li class=\"elementor-icon-list-item\">\n\t\t\t\t\t\t\t\t\t\t\t<span class=\"elementor-icon-list-icon\">\n\t\t\t\t\t\t\t<svg xmlns=\"http:\/\/www.w3.org\/2000\/svg\" width=\"24\" height=\"24\" viewBox=\"0 0 24 24\" fill=\"none\"><g id=\"TelephoneFill\" clip-path=\"url(#clip0_61_344)\"><path id=\"Vector\" fill-rule=\"evenodd\" clip-rule=\"evenodd\" d=\"M2.82747 0.766476C3.08994 0.504409 3.4051 0.301114 3.75207 0.170061C4.09904 0.0390087 4.46991 -0.0168078 4.84008 0.00631052C5.21026 0.0294288 5.5713 0.130954 5.89927 0.304158C6.22724 0.477362 6.51466 0.71829 6.74247 1.01098L9.43497 4.46998C9.92847 5.10448 10.1025 5.93098 9.90747 6.71098L9.08697 9.99598C9.04455 10.1661 9.04684 10.3443 9.09363 10.5133C9.14041 10.6823 9.23009 10.8364 9.35397 10.9605L13.0395 14.646C13.1637 14.7701 13.318 14.8599 13.4873 14.9067C13.6566 14.9535 13.8351 14.9557 14.0055 14.913L17.289 14.0925C17.6739 13.9962 18.0757 13.9888 18.4639 14.0706C18.8521 14.1525 19.2167 14.3215 19.53 14.565L22.989 17.256C24.2325 18.2235 24.3465 20.061 23.2335 21.1725L21.6825 22.7235C20.5725 23.8335 18.9135 24.321 17.367 23.7765C13.4087 22.3838 9.81488 20.1177 6.85197 17.1465C3.88091 14.184 1.61489 10.5907 0.221974 6.63298C-0.321026 5.08798 0.166474 3.42748 1.27647 2.31748L2.82747 0.766476Z\" fill=\"url(#paint0_linear_61_344)\"><\/path><\/g><defs><linearGradient id=\"paint0_linear_61_344\" x1=\"10.4996\" y1=\"19.0003\" x2=\"23.6838\" y2=\"18.538\" gradientUnits=\"userSpaceOnUse\"><stop stop-color=\"#BC3C80\"><\/stop><stop offset=\"1\" stop-color=\"#FF52A1\"><\/stop><\/linearGradient><clipPath id=\"clip0_61_344\"><rect width=\"24\" height=\"24\" fill=\"white\"><\/rect><\/clipPath><\/defs><\/svg>\t\t\t\t\t\t<\/span>\n\t\t\t\t\t\t\t\t\t\t<span class=\"elementor-icon-list-text\">606 27 25 24<\/span>\n\t\t\t\t\t\t\t\t\t<\/li>\n\t\t\t\t\t\t\t\t<li class=\"elementor-icon-list-item\">\n\t\t\t\t\t\t\t\t\t\t\t<span class=\"elementor-icon-list-icon\">\n\t\t\t\t\t\t\t<svg xmlns=\"http:\/\/www.w3.org\/2000\/svg\" width=\"24\" height=\"28\" viewBox=\"0 0 24 28\" fill=\"none\"><path id=\"Vector\" d=\"M12 14C12.825 14 13.5315 13.7256 14.1195 13.1768C14.7065 12.6289 15 11.97 15 11.2C15 10.43 14.7065 9.7706 14.1195 9.2218C13.5315 8.67393 12.825 8.4 12 8.4C11.175 8.4 10.469 8.67393 9.882 9.2218C9.294 9.7706 9 10.43 9 11.2C9 11.97 9.294 12.6289 9.882 13.1768C10.469 13.7256 11.175 14 12 14ZM12 28C7.975 24.8033 4.969 21.8339 2.982 19.0918C0.994 16.3506 0 13.8133 0 11.48C0 7.98 1.2065 5.19167 3.6195 3.115C6.0315 1.03833 8.825 0 12 0C15.175 0 17.9685 1.03833 20.3805 3.115C22.7935 5.19167 24 7.98 24 11.48C24 13.8133 23.0065 16.3506 21.0195 19.0918C19.0315 21.8339 16.025 24.8033 12 28Z\" fill=\"url(#paint0_linear_61_348)\"><\/path><defs><linearGradient id=\"paint0_linear_61_348\" x1=\"10.5\" y1=\"22.1666\" x2=\"23.6881\" y2=\"21.7703\" gradientUnits=\"userSpaceOnUse\"><stop stop-color=\"#BC3C80\"><\/stop><stop offset=\"1\" stop-color=\"#FF52A1\"><\/stop><\/linearGradient><\/defs><\/svg>\t\t\t\t\t\t<\/span>\n\t\t\t\t\t\t\t\t\t\t<span class=\"elementor-icon-list-text\">al. Piast\u00f3w 59\/4 70-335 Szczecin<\/span>\n\t\t\t\t\t\t\t\t\t<\/li>\n\t\t\t\t\t\t<\/ul>\n\t\t\t\t\t\t<\/div>\n\t\t\t\t<\/div>\n\t\t\t\t<\/div>\n\t\t<div class=\"elementor-element elementor-element-cfcfe2e e-con-full e-flex e-con e-child\" data-id=\"cfcfe2e\" data-element_type=\"container\" data-settings=\"{&quot;background_background&quot;:&quot;classic&quot;}\">\n\t\t\t\t<div class=\"elementor-element elementor-element-64cda1d eael-contact-form-7-button-align-left eael-contact-form-7-button-custom elementor-widget elementor-widget-eael-contact-form-7\" data-id=\"64cda1d\" data-element_type=\"widget\" data-widget_type=\"eael-contact-form-7.default\">\n\t\t\t\t<div class=\"elementor-widget-container\">\n\t\t\t\t\t<div class=\"eael-contact-form-7-wrapper\">\n                <div class=\"eael-contact-form eael-contact-form-7 eael-contact-form-64cda1d labels-hide placeholder-show eael-custom-radio-checkbox eael-contact-form-align-default\">\n<div class=\"wpcf7 no-js\" id=\"wpcf7-f425-o1\" lang=\"pl-PL\" dir=\"ltr\" data-wpcf7-id=\"425\">\n<div class=\"screen-reader-response\"><p role=\"status\" aria-live=\"polite\" aria-atomic=\"true\"><\/p> <ul><\/ul><\/div>\n<form action=\"\/index.php?rest_route=%2Fwp%2Fv2%2Fpages%2F21#wpcf7-f425-o1\" method=\"post\" class=\"wpcf7-form init\" aria-label=\"Formularz kontaktowy\" novalidate=\"novalidate\" data-status=\"init\">\n<fieldset class=\"hidden-fields-container\"><input type=\"hidden\" name=\"_wpcf7\" value=\"425\" \/><input type=\"hidden\" name=\"_wpcf7_version\" value=\"6.1.2\" \/><input type=\"hidden\" name=\"_wpcf7_locale\" value=\"pl_PL\" \/><input type=\"hidden\" name=\"_wpcf7_unit_tag\" value=\"wpcf7-f425-o1\" \/><input type=\"hidden\" name=\"_wpcf7_container_post\" value=\"0\" \/><input type=\"hidden\" name=\"_wpcf7_posted_data_hash\" value=\"\" \/>\n<\/fieldset>\n<p><br \/>\n<label for=\"name\">Imi\u0119 i nazwisko<\/label>\n<\/p>\n<p><span class=\"wpcf7-form-control-wrap\" data-name=\"imie_nazwisko\"><input size=\"40\" maxlength=\"400\" class=\"wpcf7-form-control wpcf7-text wpcf7-validates-as-required\" id=\"name\" aria-required=\"true\" aria-invalid=\"false\" placeholder=\"Imi\u0119 i nazwisko\" value=\"\" type=\"text\" name=\"imie_nazwisko\" \/><\/span>\n<\/p>\n<p><br \/>\n<label for=\"email\">Adres e-mail<\/label>\n<\/p>\n<p><span class=\"wpcf7-form-control-wrap\" data-name=\"mail-123\"><input size=\"40\" maxlength=\"400\" class=\"wpcf7-form-control wpcf7-email wpcf7-validates-as-required wpcf7-text wpcf7-validates-as-email\" id=\"email\" aria-required=\"true\" aria-invalid=\"false\" placeholder=\"Adres e-mail\" value=\"\" type=\"email\" name=\"mail-123\" \/><\/span>\n<\/p>\n<p><br \/>\n<label for=\"message\">Twoja wiadomo\u015b\u0107<\/label>\n<\/p>\n<p><span class=\"wpcf7-form-control-wrap\" data-name=\"message\"><input size=\"40\" maxlength=\"400\" class=\"wpcf7-form-control wpcf7-text wpcf7-validates-as-required\" id=\"message\" aria-required=\"true\" aria-invalid=\"false\" placeholder=\"Twoja wiadomo\u015b\u0107...\" value=\"\" type=\"text\" name=\"message\" \/><\/span>\n<\/p>\n<p><br \/>\n<input class=\"wpcf7-form-control wpcf7-submit has-spinner\" type=\"submit\" value=\"Wy\u015blij\" \/>\n<\/p><div class=\"wpcf7-response-output\" aria-hidden=\"true\"><\/div>\n<\/form>\n<\/div>\n<\/div>\n            <\/div>\t\t\t\t<\/div>\n\t\t\t\t<\/div>\n\t\t\t\t<\/div>\n\t\t\t\t<\/div>\n\t\t\t\t\t<\/div>\n\t\t\t\t<\/div>\n\t\t\t\t<\/div>\n\t\t","protected":false},"excerpt":{"rendered":"<p>Napisz do nas,skontaktujemy si\u0119z Tob\u0105 biuro@kancelaria-finansowa.eu 606 27 25 24 al. Piast\u00f3w 59\/4 70-335 Szczecin Imi\u0119 i nazwisko Adres e-mail [&hellip;]<\/p>\n","protected":false},"author":2,"featured_media":0,"parent":0,"menu_order":0,"comment_status":"closed","ping_status":"closed","template":"","meta":{"inline_featured_image":false,"site-sidebar-layout":"no-sidebar","site-content-layout":"","ast-site-content-layout":"full-width-container","site-content-style":"default","site-sidebar-style":"default","ast-global-header-display":"","ast-banner-title-visibility":"disabled","ast-main-header-display":"","ast-hfb-above-header-display":"","ast-hfb-below-header-display":"","ast-hfb-mobile-header-display":"","site-post-title":"disabled","ast-breadcrumbs-content":"","ast-featured-img":"disabled","footer-sml-layout":"","theme-transparent-header-meta":"","adv-header-id-meta":"","stick-header-meta":"","header-above-stick-meta":"","header-main-stick-meta":"","header-below-stick-meta":"","astra-migrate-meta-layouts":"default","ast-page-background-enabled":"default","ast-page-background-meta":{"desktop":{"background-color":"var(--ast-global-color-4)","background-image":"","background-repeat":"repeat","background-position":"center center","background-size":"auto","background-attachment":"scroll","background-type":"","background-media":"","overlay-type":"","overlay-color":"","overlay-opacity":"","overlay-gradient":""},"tablet":{"background-color":"","background-image":"","background-repeat":"repeat","background-position":"center center","background-size":"auto","background-attachment":"scroll","background-type":"","background-media":"","overlay-type":"","overlay-color":"","overlay-opacity":"","overlay-gradient":""},"mobile":{"background-color":"","background-image":"","background-repeat":"repeat","background-position":"center center","background-size":"auto","background-attachment":"scroll","background-type":"","background-media":"","overlay-type":"","overlay-color":"","overlay-opacity":"","overlay-gradient":""}},"ast-content-background-meta":{"desktop":{"background-color":"var(--ast-global-color-5)","background-image":"","background-repeat":"repeat","background-position":"center center","background-size":"auto","background-attachment":"scroll","background-type":"","background-media":"","overlay-type":"","overlay-color":"","overlay-opacity":"","overlay-gradient":""},"tablet":{"background-color":"var(--ast-global-color-5)","background-image":"","background-repeat":"repeat","background-position":"center center","background-size":"auto","background-attachment":"scroll","background-type":"","background-media":"","overlay-type":"","overlay-color":"","overlay-opacity":"","overlay-gradient":""},"mobile":{"background-color":"var(--ast-global-color-5)","background-image":"","background-repeat":"repeat","background-position":"center center","background-size":"auto","background-attachment":"scroll","background-type":"","background-media":"","overlay-type":"","overlay-color":"","overlay-opacity":"","overlay-gradient":""}},"footnotes":""},"class_list":["post-21","page","type-page","status-publish","hentry"],"_links":{"self":[{"href":"https:\/\/www.kancelaria-finansowa.eu\/index.php?rest_route=\/wp\/v2\/pages\/21","targetHints":{"allow":["GET"]}}],"collection":[{"href":"https:\/\/www.kancelaria-finansowa.eu\/index.php?rest_route=\/wp\/v2\/pages"}],"about":[{"href":"https:\/\/www.kancelaria-finansowa.eu\/index.php?rest_route=\/wp\/v2\/types\/page"}],"author":[{"embeddable":true,"href":"https:\/\/www.kancelaria-finansowa.eu\/index.php?rest_route=\/wp\/v2\/users\/2"}],"replies":[{"embeddable":true,"href":"https:\/\/www.kancelaria-finansowa.eu\/index.php?rest_route=%2Fwp%2Fv2%2Fcomments&post=21"}],"version-history":[{"count":83,"href":"https:\/\/www.kancelaria-finansowa.eu\/index.php?rest_route=\/wp\/v2\/pages\/21\/revisions"}],"predecessor-version":[{"id":781,"href":"https:\/\/www.kancelaria-finansowa.eu\/index.php?rest_route=\/wp\/v2\/pages\/21\/revisions\/781"}],"wp:attachment":[{"href":"https:\/\/www.kancelaria-finansowa.eu\/index.php?rest_route=%2Fwp%2Fv2%2Fmedia&parent=21"}],"curies":[{"name":"wp","href":"https:\/\/api.w.org\/{rel}","templated":true}]}}