{"id":500,"date":"2024-08-25T11:24:27","date_gmt":"2024-08-25T11:24:27","guid":{"rendered":"https:\/\/ypuwfwpoqr.cfolks.pl\/?page_id=500"},"modified":"2025-10-19T11:16:32","modified_gmt":"2025-10-19T11:16:32","slug":"referencje","status":"publish","type":"page","link":"http:\/\/www.kancelaria-finansowa.eu\/?page_id=500","title":{"rendered":"Referencje"},"content":{"rendered":"\t\t<div data-elementor-type=\"wp-page\" data-elementor-id=\"500\" class=\"elementor elementor-500\">\n\t\t\t\t<div class=\"elementor-element elementor-element-85d7031 e-con-full e-flex e-con e-parent\" data-id=\"85d7031\" data-element_type=\"container\" data-settings=\"{&quot;background_background&quot;:&quot;classic&quot;}\">\n\t\t\t\t<\/div>\n\t\t<div class=\"elementor-element elementor-element-56b185c e-flex e-con-boxed e-con e-parent\" data-id=\"56b185c\" data-element_type=\"container\" data-settings=\"{&quot;background_background&quot;:&quot;classic&quot;}\">\n\t\t\t\t\t<div class=\"e-con-inner\">\n\t\t<div class=\"elementor-element elementor-element-6e995cf e-con-full e-flex e-con e-child\" data-id=\"6e995cf\" data-element_type=\"container\">\n\t\t\t\t<div class=\"elementor-element elementor-element-c91afde elementor-widget elementor-widget-heading\" data-id=\"c91afde\" data-element_type=\"widget\" data-widget_type=\"heading.default\">\n\t\t\t\t<div class=\"elementor-widget-container\">\n\t\t\t\t\t<h2 class=\"elementor-heading-title elementor-size-default\">REFERENCJE<\/h2>\t\t\t\t<\/div>\n\t\t\t\t<\/div>\n\t\t\t\t<div class=\"elementor-element elementor-element-c2d674c elementor-widget elementor-widget-image\" data-id=\"c2d674c\" data-element_type=\"widget\" data-widget_type=\"image.default\">\n\t\t\t\t<div class=\"elementor-widget-container\">\n\t\t\t\t\t\t\t\t\t\t\t\t\t\t\t<img decoding=\"async\" width=\"475\" height=\"24\" src=\"http:\/\/www.kancelaria-finansowa.eu\/wp-content\/uploads\/2024\/08\/xd-1.svg\" class=\"attachment-full size-full wp-image-171\" alt=\"\" \/>\t\t\t\t\t\t\t\t\t\t\t\t\t\t\t<\/div>\n\t\t\t\t<\/div>\n\t\t\t\t<\/div>\n\t\t\t\t\t<\/div>\n\t\t\t\t<\/div>\n\t\t<div class=\"elementor-element elementor-element-fdf24b0 e-flex e-con-boxed e-con e-parent\" data-id=\"fdf24b0\" data-element_type=\"container\" data-settings=\"{&quot;background_background&quot;:&quot;classic&quot;}\">\n\t\t\t\t\t<div class=\"e-con-inner\">\n\t\t<a class=\"elementor-element elementor-element-3113b2b e-con-full e-flex e-con e-child\" data-id=\"3113b2b\" data-element_type=\"container\" data-settings=\"{&quot;background_background&quot;:&quot;classic&quot;}\" href=\"https:\/\/www.kancelaria-finansowa.eu\/wp-content\/uploads\/2024\/08\/CBK-r.pdf\" target=\"_blank\">\n\t\t\t\t<div class=\"elementor-element elementor-element-a91992c elementor-widget elementor-widget-image\" data-id=\"a91992c\" data-element_type=\"widget\" data-widget_type=\"image.default\">\n\t\t\t\t<div class=\"elementor-widget-container\">\n\t\t\t\t\t\t\t\t\t\t\t\t\t\t\t<img decoding=\"async\" width=\"142\" height=\"64\" src=\"http:\/\/www.kancelaria-finansowa.eu\/wp-content\/uploads\/2024\/08\/image-1-1.png\" class=\"attachment-large size-large wp-image-234\" alt=\"\" \/>\t\t\t\t\t\t\t\t\t\t\t\t\t\t\t<\/div>\n\t\t\t\t<\/div>\n\t\t\t\t<div class=\"elementor-element elementor-element-f1138ed elementor-widget__width-initial elementor-widget elementor-widget-text-editor\" data-id=\"f1138ed\" data-element_type=\"widget\" data-widget_type=\"text-editor.default\">\n\t\t\t\t<div class=\"elementor-widget-container\">\n\t\t\t\t\t\t\t\t\t<p>\u201cSkuteczno\u015b\u0107 zawieranych polis ubezpieczeniowych sprawdzana by\u0142a wielokrotnie w praktyce, a nasza Firma potwierdza pozytywne do\u015bwiadczenia dotycz\u0105ce wsp\u00f3\u0142pracy w zakresie efektywnej likwidacji szk\u00f3d i \u015bwiadcze\u0144\u201d<\/p>\t\t\t\t\t\t\t\t<\/div>\n\t\t\t\t<\/div>\n\t\t\t\t<\/a>\n\t\t<a class=\"elementor-element elementor-element-74e8665 e-con-full e-flex e-con e-child\" data-id=\"74e8665\" data-element_type=\"container\" data-settings=\"{&quot;background_background&quot;:&quot;classic&quot;}\" href=\"https:\/\/www.kancelaria-finansowa.eu\/wp-content\/uploads\/2024\/08\/Drop-r.pdf\" target=\"_blank\">\n\t\t\t\t<div class=\"elementor-element elementor-element-cf80889 elementor-widget elementor-widget-image\" data-id=\"cf80889\" data-element_type=\"widget\" data-widget_type=\"image.default\">\n\t\t\t\t<div class=\"elementor-widget-container\">\n\t\t\t\t\t\t\t\t\t\t\t\t\t\t\t<img decoding=\"async\" width=\"140\" height=\"64\" src=\"http:\/\/www.kancelaria-finansowa.eu\/wp-content\/uploads\/2024\/08\/image-2-3.png\" class=\"attachment-large size-large wp-image-252\" alt=\"\" \/>\t\t\t\t\t\t\t\t\t\t\t\t\t\t\t<\/div>\n\t\t\t\t<\/div>\n\t\t\t\t<div class=\"elementor-element elementor-element-8555447 elementor-widget__width-initial elementor-widget elementor-widget-text-editor\" data-id=\"8555447\" data-element_type=\"widget\" data-widget_type=\"text-editor.default\">\n\t\t\t\t<div class=\"elementor-widget-container\">\n\t\t\t\t\t\t\t\t\t<p>\u201cWsp\u00f3\u0142praca naszej Firmy z Kancelari\u0105 polega m.in. na obs\u0142udze ubezpiecze\u0144 maj\u0105tkowych, posiadanego mienia oraz odpowiedzialno\u015bci cywilnej, a tak\u017ce ubezpieczenia floty samochodowej.\u201d<\/p>\t\t\t\t\t\t\t\t<\/div>\n\t\t\t\t<\/div>\n\t\t\t\t<\/a>\n\t\t<a class=\"elementor-element elementor-element-5d8e7c2 e-con-full e-flex e-con e-child\" data-id=\"5d8e7c2\" data-element_type=\"container\" data-settings=\"{&quot;background_background&quot;:&quot;classic&quot;}\" href=\"https:\/\/www.kancelaria-finansowa.eu\/wp-content\/uploads\/2024\/08\/EKO-III_r.pdf\" target=\"_blank\">\n\t\t\t\t<div class=\"elementor-element elementor-element-532eb31 elementor-widget elementor-widget-image\" data-id=\"532eb31\" data-element_type=\"widget\" data-widget_type=\"image.default\">\n\t\t\t\t<div class=\"elementor-widget-container\">\n\t\t\t\t\t\t\t\t\t\t\t\t\t\t\t<img loading=\"lazy\" decoding=\"async\" width=\"160\" height=\"26\" src=\"http:\/\/www.kancelaria-finansowa.eu\/wp-content\/uploads\/2024\/08\/image-3.png\" class=\"attachment-large size-large wp-image-253\" alt=\"\" \/>\t\t\t\t\t\t\t\t\t\t\t\t\t\t\t<\/div>\n\t\t\t\t<\/div>\n\t\t\t\t<div class=\"elementor-element elementor-element-e673f3d elementor-widget__width-initial elementor-widget elementor-widget-text-editor\" data-id=\"e673f3d\" data-element_type=\"widget\" data-widget_type=\"text-editor.default\">\n\t\t\t\t<div class=\"elementor-widget-container\">\n\t\t\t\t\t\t\t\t\t<p>\u201cSkuteczno\u015b\u0107 zawieranych polis ubezpieczeniowych sprawdzana by\u0142a wielokrotnie w praktyce, a nasza Firma potwierdza pozytywne do\u015bwiadczenia dotycz\u0105ce wsp\u00f3\u0142pracy w zakresie efektywnej likwidacji szk\u00f3d i \u015bwiadcze\u0144\u201d<\/p>\t\t\t\t\t\t\t\t<\/div>\n\t\t\t\t<\/div>\n\t\t\t\t<\/a>\n\t\t<a class=\"elementor-element elementor-element-c2b92ce e-con-full e-flex e-con e-child\" data-id=\"c2b92ce\" data-element_type=\"container\" data-settings=\"{&quot;background_background&quot;:&quot;classic&quot;}\" href=\"https:\/\/www.kancelaria-finansowa.eu\/wp-content\/uploads\/2024\/08\/BTGYM.pdf\" target=\"_blank\">\n\t\t\t\t<div class=\"elementor-element elementor-element-a2593f0 elementor-widget elementor-widget-image\" data-id=\"a2593f0\" data-element_type=\"widget\" data-widget_type=\"image.default\">\n\t\t\t\t<div class=\"elementor-widget-container\">\n\t\t\t\t\t\t\t\t\t\t\t\t\t\t\t<img loading=\"lazy\" decoding=\"async\" width=\"84\" height=\"84\" src=\"http:\/\/www.kancelaria-finansowa.eu\/wp-content\/uploads\/2024\/08\/image-5-1.png\" class=\"attachment-large size-large wp-image-255\" alt=\"\" \/>\t\t\t\t\t\t\t\t\t\t\t\t\t\t\t<\/div>\n\t\t\t\t<\/div>\n\t\t\t\t<div class=\"elementor-element elementor-element-6c0fae1 elementor-widget__width-initial elementor-widget elementor-widget-text-editor\" data-id=\"6c0fae1\" data-element_type=\"widget\" data-widget_type=\"text-editor.default\">\n\t\t\t\t<div class=\"elementor-widget-container\">\n\t\t\t\t\t\t\t\t\t<p>\u201cNasza wsp\u00f3\u0142praca przebiega w spos\u00f3b wzorowy, wszystkie formalno\u015bci i opieka klienta odbywaj\u0105 si\u0119 w spos\u00f3b p\u0142ynny, przyjemny i w naszym odczuciu zachowane s\u0105 najwy\u017csze standardy obs\u0142ugi.\u201d<\/p>\t\t\t\t\t\t\t\t<\/div>\n\t\t\t\t<\/div>\n\t\t\t\t<\/a>\n\t\t<a class=\"elementor-element elementor-element-4f10f50 e-con-full e-flex e-con e-child\" data-id=\"4f10f50\" data-element_type=\"container\" data-settings=\"{&quot;background_background&quot;:&quot;classic&quot;}\" href=\"http:\/\/www.kancelaria-finansowa.eu\/wp-content\/uploads\/2024\/08\/LUX-FISH.pdf\" target=\"_blank\">\n\t\t\t\t<div class=\"elementor-element elementor-element-943f7b6 elementor-widget elementor-widget-image\" data-id=\"943f7b6\" data-element_type=\"widget\" data-widget_type=\"image.default\">\n\t\t\t\t<div class=\"elementor-widget-container\">\n\t\t\t\t\t\t\t\t\t\t\t\t\t\t\t<img loading=\"lazy\" decoding=\"async\" width=\"288\" height=\"98\" src=\"http:\/\/www.kancelaria-finansowa.eu\/wp-content\/uploads\/2024\/08\/image-6-3.png\" class=\"attachment-large size-large wp-image-256\" alt=\"\" \/>\t\t\t\t\t\t\t\t\t\t\t\t\t\t\t<\/div>\n\t\t\t\t<\/div>\n\t\t\t\t<div class=\"elementor-element elementor-element-232749f elementor-widget__width-initial elementor-widget elementor-widget-text-editor\" data-id=\"232749f\" data-element_type=\"widget\" data-widget_type=\"text-editor.default\">\n\t\t\t\t<div class=\"elementor-widget-container\">\n\t\t\t\t\t\t\t\t\t<p>\u201cBie\u017c\u0105ce doradztwo, sta\u0142e utrzymywanie kontakt\u00f3w partnerskich, a tak\u017ce sprawne reakcje na zg\u0142aszane potrzeby, powoduj\u0105 wysok\u0105 ocen\u0119 opisywanej wsp\u00f3\u0142pracy.\u00a0Rekomendujemy innym podmiotom wsp\u00f3\u0142prac\u0119 z Kancelari\u0105, jako rzetelnym<br \/>i solidnym Partnerem.\u201d<\/p>\t\t\t\t\t\t\t\t<\/div>\n\t\t\t\t<\/div>\n\t\t\t\t<\/a>\n\t\t<a class=\"elementor-element elementor-element-136add4 e-con-full e-flex e-con e-child\" data-id=\"136add4\" data-element_type=\"container\" data-settings=\"{&quot;background_background&quot;:&quot;classic&quot;}\" href=\"http:\/\/www.kancelaria-finansowa.eu\/wp-content\/uploads\/2024\/08\/Dom-Goscinny-u-Pierwienieckich.pdf\" target=\"_blank\">\n\t\t\t\t<div class=\"elementor-element elementor-element-ca9a6ff elementor-widget elementor-widget-image\" data-id=\"ca9a6ff\" data-element_type=\"widget\" data-widget_type=\"image.default\">\n\t\t\t\t<div class=\"elementor-widget-container\">\n\t\t\t\t\t\t\t\t\t\t\t\t\t\t\t<img loading=\"lazy\" decoding=\"async\" width=\"210\" height=\"53\" src=\"http:\/\/www.kancelaria-finansowa.eu\/wp-content\/uploads\/2024\/08\/image-10.png\" class=\"attachment-large size-large wp-image-259\" alt=\"\" \/>\t\t\t\t\t\t\t\t\t\t\t\t\t\t\t<\/div>\n\t\t\t\t<\/div>\n\t\t\t\t<div class=\"elementor-element elementor-element-738d595 elementor-widget__width-initial elementor-widget elementor-widget-text-editor\" data-id=\"738d595\" data-element_type=\"widget\" data-widget_type=\"text-editor.default\">\n\t\t\t\t<div class=\"elementor-widget-container\">\n\t\t\t\t\t\t\t\t\t<p>\u201cWsp\u00f3\u0142praca z Pani\u0105 Ma\u0142gorzat\u0105 Romancio rozpocz\u0119\u0142a si\u0119 w 2021 roku i trwa nieprzerwanie do\u00a0<br \/>dzi\u015b. Szybko\u015b\u0107 reakcji, profesjonalne podej\u015bcie do sprawy i klienta, znajomo\u015b\u0107 zawi\u0142ych zagadnie\u0144\u00a0<br \/>finansowych i ekonomicznych oraz wszechstronna wiedza to cechy wyr\u00f3\u017cniaj\u0105ce Pani\u0105 Romancio.&#8221;<\/p>\t\t\t\t\t\t\t\t<\/div>\n\t\t\t\t<\/div>\n\t\t\t\t<\/a>\n\t\t<a class=\"elementor-element elementor-element-d116a8d e-con-full e-flex e-con e-child\" data-id=\"d116a8d\" data-element_type=\"container\" data-settings=\"{&quot;background_background&quot;:&quot;classic&quot;}\" href=\"http:\/\/www.kancelaria-finansowa.eu\/wp-content\/uploads\/2024\/08\/Metalik_r.pdf\" target=\"_blank\">\n\t\t\t\t<div class=\"elementor-element elementor-element-1e3a4f7 elementor-widget elementor-widget-image\" data-id=\"1e3a4f7\" data-element_type=\"widget\" data-widget_type=\"image.default\">\n\t\t\t\t<div class=\"elementor-widget-container\">\n\t\t\t\t\t\t\t\t\t\t\t\t\t\t\t<img loading=\"lazy\" decoding=\"async\" width=\"260\" height=\"82\" src=\"http:\/\/www.kancelaria-finansowa.eu\/wp-content\/uploads\/2024\/08\/image-11.png\" class=\"attachment-large size-large wp-image-262\" alt=\"\" \/>\t\t\t\t\t\t\t\t\t\t\t\t\t\t\t<\/div>\n\t\t\t\t<\/div>\n\t\t\t\t<div class=\"elementor-element elementor-element-8432aa9 elementor-widget__width-initial elementor-widget elementor-widget-text-editor\" data-id=\"8432aa9\" data-element_type=\"widget\" data-widget_type=\"text-editor.default\">\n\t\t\t\t<div class=\"elementor-widget-container\">\n\t\t\t\t\t\t\t\t\t<p>\u201cBie\u017c\u0105ce doradztwo, sta\u0142e utrzymywanie kontakt\u00f3w partnerskich, a tak\u017ce sprawne reakcje na zg\u0142aszane potrzeby, powoduj\u0105 wysok\u0105 ocen\u0119 wsp\u00f3\u0142pracy.\u201d<\/p>\t\t\t\t\t\t\t\t<\/div>\n\t\t\t\t<\/div>\n\t\t\t\t<\/a>\n\t\t<a class=\"elementor-element elementor-element-87de4a3 e-con-full e-flex e-con e-child\" data-id=\"87de4a3\" data-element_type=\"container\" data-settings=\"{&quot;background_background&quot;:&quot;classic&quot;}\" href=\"http:\/\/www.kancelaria-finansowa.eu\/wp-content\/uploads\/2024\/08\/Szubert_r.pdf\" target=\"_blank\">\n\t\t\t\t<div class=\"elementor-element elementor-element-7016bee elementor-widget elementor-widget-image\" data-id=\"7016bee\" data-element_type=\"widget\" data-widget_type=\"image.default\">\n\t\t\t\t<div class=\"elementor-widget-container\">\n\t\t\t\t\t\t\t\t\t\t\t\t\t\t\t<img loading=\"lazy\" decoding=\"async\" width=\"234\" height=\"62\" src=\"http:\/\/www.kancelaria-finansowa.eu\/wp-content\/uploads\/2024\/08\/image-12.png\" class=\"attachment-large size-large wp-image-261\" alt=\"\" \/>\t\t\t\t\t\t\t\t\t\t\t\t\t\t\t<\/div>\n\t\t\t\t<\/div>\n\t\t\t\t<div class=\"elementor-element elementor-element-bee6ec9 elementor-widget__width-initial elementor-widget elementor-widget-text-editor\" data-id=\"bee6ec9\" data-element_type=\"widget\" data-widget_type=\"text-editor.default\">\n\t\t\t\t<div class=\"elementor-widget-container\">\n\t\t\t\t\t\t\t\t\t<p>\u201c&#8230;Wsp\u00f3\u0142praca obejmuje obs\u0142ug\u0119 technicznych ubezpiecze\u0144 budowlanych, m.in. ubezpieczenia maszyn i urz\u0105dze\u0144, a tak\u017ce ryzyka budowy. Nasza firma potwierdza pozytywne do\u015bwiadczenia dotycz\u0105ce wsp\u00f3\u0142pracy.\u201d<\/p>\t\t\t\t\t\t\t\t<\/div>\n\t\t\t\t<\/div>\n\t\t\t\t<\/a>\n\t\t<a class=\"elementor-element elementor-element-c268dc1 e-con-full e-flex e-con e-child\" data-id=\"c268dc1\" data-element_type=\"container\" data-settings=\"{&quot;background_background&quot;:&quot;classic&quot;}\" href=\"http:\/\/www.kancelaria-finansowa.eu\/wp-content\/uploads\/2024\/08\/UTS-Lukaszewicz_r.pdf\" target=\"_blank\">\n\t\t\t\t<div class=\"elementor-element elementor-element-1bd020c elementor-widget elementor-widget-image\" data-id=\"1bd020c\" data-element_type=\"widget\" data-widget_type=\"image.default\">\n\t\t\t\t<div class=\"elementor-widget-container\">\n\t\t\t\t\t\t\t\t\t\t\t\t\t\t\t<img loading=\"lazy\" decoding=\"async\" width=\"146\" height=\"87\" src=\"http:\/\/www.kancelaria-finansowa.eu\/wp-content\/uploads\/2024\/08\/image-13.png\" class=\"attachment-large size-large wp-image-260\" alt=\"\" \/>\t\t\t\t\t\t\t\t\t\t\t\t\t\t\t<\/div>\n\t\t\t\t<\/div>\n\t\t\t\t<div class=\"elementor-element elementor-element-f140d05 elementor-widget__width-initial elementor-widget elementor-widget-text-editor\" data-id=\"f140d05\" data-element_type=\"widget\" data-widget_type=\"text-editor.default\">\n\t\t\t\t<div class=\"elementor-widget-container\">\n\t\t\t\t\t\t\t\t\t<p>\u201cPrzedstawione przez Kancelari\u0119 rozwi\u0105zania s\u0105 efektywne cenowo, przy jednoczesnym dopasowaniu pozosta\u0142ych aspekt\u00f3w ubezpieczeniowych do naszego profilu ryzyka i dzia\u0142alno\u015bci. Przedstawione oferty sa merytoryczne i przedstawiane w spos\u00f3b czytelny.&#8221;<\/p>\t\t\t\t\t\t\t\t<\/div>\n\t\t\t\t<\/div>\n\t\t\t\t<\/a>\n\t\t\t\t\t<\/div>\n\t\t\t\t<\/div>\n\t\t\t\t<\/div>\n\t\t","protected":false},"excerpt":{"rendered":"<p>REFERENCJE \u201cSkuteczno\u015b\u0107 zawieranych polis ubezpieczeniowych sprawdzana by\u0142a wielokrotnie w praktyce, a nasza Firma potwierdza pozytywne do\u015bwiadczenia dotycz\u0105ce wsp\u00f3\u0142pracy w zakresie [&hellip;]<\/p>\n","protected":false},"author":2,"featured_media":0,"parent":0,"menu_order":0,"comment_status":"closed","ping_status":"closed","template":"","meta":{"inline_featured_image":false,"site-sidebar-layout":"no-sidebar","site-content-layout":"","ast-site-content-layout":"full-width-container","site-content-style":"default","site-sidebar-style":"default","ast-global-header-display":"","ast-banner-title-visibility":"","ast-main-header-display":"","ast-hfb-above-header-display":"","ast-hfb-below-header-display":"","ast-hfb-mobile-header-display":"","site-post-title":"disabled","ast-breadcrumbs-content":"","ast-featured-img":"disabled","footer-sml-layout":"","theme-transparent-header-meta":"","adv-header-id-meta":"","stick-header-meta":"","header-above-stick-meta":"","header-main-stick-meta":"","header-below-stick-meta":"","astra-migrate-meta-layouts":"default","ast-page-background-enabled":"default","ast-page-background-meta":{"desktop":{"background-color":"var(--ast-global-color-4)","background-image":"","background-repeat":"repeat","background-position":"center center","background-size":"auto","background-attachment":"scroll","background-type":"","background-media":"","overlay-type":"","overlay-color":"","overlay-opacity":"","overlay-gradient":""},"tablet":{"background-color":"","background-image":"","background-repeat":"repeat","background-position":"center center","background-size":"auto","background-attachment":"scroll","background-type":"","background-media":"","overlay-type":"","overlay-color":"","overlay-opacity":"","overlay-gradient":""},"mobile":{"background-color":"","background-image":"","background-repeat":"repeat","background-position":"center center","background-size":"auto","background-attachment":"scroll","background-type":"","background-media":"","overlay-type":"","overlay-color":"","overlay-opacity":"","overlay-gradient":""}},"ast-content-background-meta":{"desktop":{"background-color":"var(--ast-global-color-5)","background-image":"","background-repeat":"repeat","background-position":"center center","background-size":"auto","background-attachment":"scroll","background-type":"","background-media":"","overlay-type":"","overlay-color":"","overlay-opacity":"","overlay-gradient":""},"tablet":{"background-color":"var(--ast-global-color-5)","background-image":"","background-repeat":"repeat","background-position":"center center","background-size":"auto","background-attachment":"scroll","background-type":"","background-media":"","overlay-type":"","overlay-color":"","overlay-opacity":"","overlay-gradient":""},"mobile":{"background-color":"var(--ast-global-color-5)","background-image":"","background-repeat":"repeat","background-position":"center center","background-size":"auto","background-attachment":"scroll","background-type":"","background-media":"","overlay-type":"","overlay-color":"","overlay-opacity":"","overlay-gradient":""}},"footnotes":""},"class_list":["post-500","page","type-page","status-publish","hentry"],"_links":{"self":[{"href":"http:\/\/www.kancelaria-finansowa.eu\/index.php?rest_route=\/wp\/v2\/pages\/500","targetHints":{"allow":["GET"]}}],"collection":[{"href":"http:\/\/www.kancelaria-finansowa.eu\/index.php?rest_route=\/wp\/v2\/pages"}],"about":[{"href":"http:\/\/www.kancelaria-finansowa.eu\/index.php?rest_route=\/wp\/v2\/types\/page"}],"author":[{"embeddable":true,"href":"http:\/\/www.kancelaria-finansowa.eu\/index.php?rest_route=\/wp\/v2\/users\/2"}],"replies":[{"embeddable":true,"href":"http:\/\/www.kancelaria-finansowa.eu\/index.php?rest_route=%2Fwp%2Fv2%2Fcomments&post=500"}],"version-history":[{"count":65,"href":"http:\/\/www.kancelaria-finansowa.eu\/index.php?rest_route=\/wp\/v2\/pages\/500\/revisions"}],"predecessor-version":[{"id":889,"href":"http:\/\/www.kancelaria-finansowa.eu\/index.php?rest_route=\/wp\/v2\/pages\/500\/revisions\/889"}],"wp:attachment":[{"href":"http:\/\/www.kancelaria-finansowa.eu\/index.php?rest_route=%2Fwp%2Fv2%2Fmedia&parent=500"}],"curies":[{"name":"wp","href":"https:\/\/api.w.org\/{rel}","templated":true}]}}